{"id":500,"date":"2021-05-20T13:39:26","date_gmt":"2021-05-20T13:39:26","guid":{"rendered":"http:\/\/rnbtheme.com\/eighty_two\/?post_type=product&#038;p=500"},"modified":"2022-05-13T09:46:02","modified_gmt":"2022-05-13T09:46:02","slug":"two-days-barcelona-tour","status":"publish","type":"product","link":"https:\/\/rnbtheme.com\/elementor-eighty-second\/product\/two-days-barcelona-tour\/","title":{"rendered":"Two days Barcelona tour"},"content":{"rendered":"<p>Nullam non vulputate nisi. In nisl urna, rhoncus at ex non, posuere blandit felis. Donec vehicula gravida dolor, eu accumsan enim scelerisque vitae. Maecenas imperdiet cursus finibus. In vel arcu quis tellus tincidunt fringilla sed et libero.<\/p>\n<p>Quisque varius quis elit congue aliquam. In in lorem massa. Praesent in velit vitae erat laoreet aliquam. Morbi feugiat malesuada magna, at volutpat enim interdum eu. In quis ultrices ex, porttitor blandit felis.<\/p>\n","protected":false},"excerpt":{"rendered":"<p>Nullam non vulputate nisi. In nisl urna, rhoncus at ex non, posuere blandit felis. Donec vehicula gravida dolor, eu accumsan enim scelerisque vitae. Maecenas imperdiet cursus finibus. In vel arcu quis tellus tincidunt fringilla sed et libero. Mauris ac varius ipsum. Ut in magna eget magna bibendum eleifend in et magna. Ut finibus, ante a congue fringilla, felis magna ornare nunc, sed dapibus nisi metus nec turpis.<\/p>\n<p><span style=\"color: #2b2b2b;\"><strong>Day 1<\/strong><\/span><\/p>\n<p>Sagrada Fam\u00edlia, \u00a0Sant Pau Recinte Modernista, Park G\u00fcell, Passeig de Gr\u00e0cia, Quadrat d&#8217;Or, Casa Batll\u00f3, Santa Maria del Mar.<\/p>\n<p><span style=\"color: #2b2b2b;\"><strong>Day 2<\/strong><\/span><\/p>\n<p>Gothic Quarter, Boqueria Market, Cathedral in the Pla\u00e7a Nova, Pla\u00e7a del Rei, Pla\u00e7a Sant Jaume, Pla\u00e7a del Pi, Portal de l&#8217;\u00c0ngel, Pedralbes Monastery, \u00a0Futbol Club Barcelona Stadium, Port Vell, Marem\u00e0gnum.<\/p>\n","protected":false},"featured_media":57,"comment_status":"open","ping_status":"closed","template":"","meta":[],"product_brand":[],"product_cat":[18],"product_tag":[16,17,19],"class_list":{"0":"post-500","1":"product","2":"type-product","3":"status-publish","4":"has-post-thumbnail","6":"product_cat-tour","7":"product_tag-architecture","8":"product_tag-europe","9":"product_tag-tour","11":"first","12":"instock","13":"shipping-taxable","14":"purchasable","15":"product-type-variable"},"_links":{"self":[{"href":"https:\/\/rnbtheme.com\/elementor-eighty-second\/wp-json\/wp\/v2\/product\/500","targetHints":{"allow":["GET"]}}],"collection":[{"href":"https:\/\/rnbtheme.com\/elementor-eighty-second\/wp-json\/wp\/v2\/product"}],"about":[{"href":"https:\/\/rnbtheme.com\/elementor-eighty-second\/wp-json\/wp\/v2\/types\/product"}],"replies":[{"embeddable":true,"href":"https:\/\/rnbtheme.com\/elementor-eighty-second\/wp-json\/wp\/v2\/comments?post=500"}],"wp:featuredmedia":[{"embeddable":true,"href":"https:\/\/rnbtheme.com\/elementor-eighty-second\/wp-json\/wp\/v2\/media\/57"}],"wp:attachment":[{"href":"https:\/\/rnbtheme.com\/elementor-eighty-second\/wp-json\/wp\/v2\/media?parent=500"}],"wp:term":[{"taxonomy":"product_brand","embeddable":true,"href":"https:\/\/rnbtheme.com\/elementor-eighty-second\/wp-json\/wp\/v2\/product_brand?post=500"},{"taxonomy":"product_cat","embeddable":true,"href":"https:\/\/rnbtheme.com\/elementor-eighty-second\/wp-json\/wp\/v2\/product_cat?post=500"},{"taxonomy":"product_tag","embeddable":true,"href":"https:\/\/rnbtheme.com\/elementor-eighty-second\/wp-json\/wp\/v2\/product_tag?post=500"}],"curies":[{"name":"wp","href":"https:\/\/api.w.org\/{rel}","templated":true}]}}